{"id":108,"date":"2017-01-19T19:02:47","date_gmt":"2017-01-20T01:02:47","guid":{"rendered":"https:\/\/www.intrajanus.com.mx\/?page_id=108"},"modified":"2020-05-27T21:42:08","modified_gmt":"2020-05-28T02:42:08","slug":"cortinas-metalicas-de-nueva-generacion","status":"publish","type":"page","link":"https:\/\/www.intrajanus.com.mx\/index.php\/catalogo-de-productos\/cortinas-metalicas-de-nueva-generacion\/","title":{"rendered":"Cortinas Met\u00e1licas de Nueva Generaci\u00f3n"},"content":{"rendered":"<p>[vc_row full_width=\u00bbstretch_row\u00bb content_placement=\u00bbmiddle\u00bb css=\u00bb.vc_custom_1485545750956{background-color: #efefef !important;}\u00bb][vc_column width=\u00bb1\/2&#8243;][vc_column_text]<\/p>\n<h2>L\u00edderes en el dise\u00f1o y fabricaci\u00f3n de cortinas met\u00e1licas enrollables de nueva generaci\u00f3n, ofrecemos a nuestros clientes una soluci\u00f3n de servicio, operaci\u00f3n y alta seguridad con la mejor tecnolog\u00eda IntraJanus<\/h2>\n<p>[\/vc_column_text][\/vc_column][vc_column width=\u00bb1\/2&#8243;][vc_column_text]<\/p>\n<ul>\n<li>Acabado en pintura siliconizada de alta calidad y durabilidad<\/li>\n<li>Las gu\u00edas de nuestras cortinas no llevan grasa<\/li>\n<li>Cobertura y asistencia t\u00e9cnica a nivel nacional<\/li>\n<li>De r\u00e1pida y practica instalaci\u00f3n<\/li>\n<li>Precios competitivos<\/li>\n<li>Bajo Mantenimiento<\/li>\n<li>Excelente imagen<\/li>\n<\/ul>\n<p>[\/vc_column_text][\/vc_column][\/vc_row][vc_row][vc_column][vc_basic_grid post_type=\u00bbproductos\u00bb max_items=\u00bb10&#8243; element_width=\u00bb3&#8243; gap=\u00bb25&#8243; order=\u00bbASC\u00bb item=\u00bb107&#8243; initial_loading_animation=\u00bbnone\u00bb grid_id=\u00bbvc_gid:1485879992267-e44fe1c5-ee03-5&#8243; taxonomies=\u00bb9&#8243;][\/vc_column][\/vc_row]<\/p>\n","protected":false},"excerpt":{"rendered":"<p>[vc_row full_width=\u00bbstretch_row\u00bb content_placement=\u00bbmiddle\u00bb css=\u00bb.vc_custom_1485545750956{background-color: #efefef !important;}\u00bb][vc_column width=\u00bb1\/2&#8243;][vc_column_text] L\u00edderes en el dise\u00f1o y fabricaci\u00f3n de cortinas met\u00e1licas enrollables de nueva generaci\u00f3n, ofrecemos a nuestros clientes una soluci\u00f3n de servicio, operaci\u00f3n y alta seguridad con la mejor tecnolog\u00eda IntraJanus [\/vc_column_text][\/vc_column][vc_column width=\u00bb1\/2&#8243;][vc_column_text] Acabado en pintura siliconizada de alta calidad y durabilidad Las gu\u00edas de nuestras cortinas no llevan [&hellip;]<\/p>\n","protected":false},"author":1,"featured_media":140,"parent":17,"menu_order":0,"comment_status":"closed","ping_status":"closed","template":"","meta":{"_et_pb_use_builder":"on","_et_pb_old_content":"","_et_gb_content_width":"","footnotes":"","_joinchat":[]},"_links":{"self":[{"href":"https:\/\/www.intrajanus.com.mx\/index.php\/wp-json\/wp\/v2\/pages\/108"}],"collection":[{"href":"https:\/\/www.intrajanus.com.mx\/index.php\/wp-json\/wp\/v2\/pages"}],"about":[{"href":"https:\/\/www.intrajanus.com.mx\/index.php\/wp-json\/wp\/v2\/types\/page"}],"author":[{"embeddable":true,"href":"https:\/\/www.intrajanus.com.mx\/index.php\/wp-json\/wp\/v2\/users\/1"}],"replies":[{"embeddable":true,"href":"https:\/\/www.intrajanus.com.mx\/index.php\/wp-json\/wp\/v2\/comments?post=108"}],"version-history":[{"count":5,"href":"https:\/\/www.intrajanus.com.mx\/index.php\/wp-json\/wp\/v2\/pages\/108\/revisions"}],"predecessor-version":[{"id":1797,"href":"https:\/\/www.intrajanus.com.mx\/index.php\/wp-json\/wp\/v2\/pages\/108\/revisions\/1797"}],"up":[{"embeddable":true,"href":"https:\/\/www.intrajanus.com.mx\/index.php\/wp-json\/wp\/v2\/pages\/17"}],"wp:featuredmedia":[{"embeddable":true,"href":"https:\/\/www.intrajanus.com.mx\/index.php\/wp-json\/wp\/v2\/media\/140"}],"wp:attachment":[{"href":"https:\/\/www.intrajanus.com.mx\/index.php\/wp-json\/wp\/v2\/media?parent=108"}],"curies":[{"name":"wp","href":"https:\/\/api.w.org\/{rel}","templated":true}]}}